{"id":8069,"date":"2024-11-03T10:06:29","date_gmt":"2024-11-03T09:06:29","guid":{"rendered":"https:\/\/shofah.at\/shop\/leahlani-bohemian-ruby-toner\/"},"modified":"2024-12-26T13:59:24","modified_gmt":"2024-12-26T12:59:24","slug":"leahlani-bohemian-ruby-toner","status":"publish","type":"product","link":"https:\/\/shofah.at\/en\/shop\/leahlani-bohemian-ruby-toner\/","title":{"rendered":"Leahlani Bohemian Ruby Toner"},"content":{"rendered":"<p>[et_pb_section fb_built=&#8221;1&#8243; _builder_version=&#8221;4.17.3&#8243; background_color=&#8221;RGBA(255,255,255,0)&#8221; background_enable_image=&#8221;off&#8221; background_repeat=&#8221;repeat&#8221; custom_padding=&#8221;||||false|false&#8221; global_colors_info=&#8221;{}&#8221;][et_pb_row column_structure=&#8221;2_3,1_3&#8243; _builder_version=&#8221;4.17.3&#8243; background_size=&#8221;initial&#8221; background_position=&#8221;top_left&#8221; background_repeat=&#8221;repeat&#8221; width=&#8221;100%&#8221; custom_padding=&#8221;0px||0px||false|false&#8221; global_colors_info=&#8221;{}&#8221; max_width__hover_enabled=&#8221;on|desktop&#8221;][et_pb_column type=&#8221;2_3&#8243; _builder_version=&#8221;4.16&#8243; custom_padding=&#8221;|||&#8221; global_colors_info=&#8221;{}&#8221; custom_padding__hover=&#8221;|||&#8221;][et_pb_wc_breadcrumb breadcrumb_home_text=&#8221;Shop&#8221; breadcrumb_home_url=&#8221;https:\/\/shofah.at\/shop\/&#8221; _builder_version=&#8221;4.17.4&#8243; body_text_color=&#8221;#FFFFFF&#8221; link_text_color=&#8221;#FFED00&#8243; hover_enabled=&#8221;0&#8243; global_colors_info=&#8221;{}&#8221; sticky_enabled=&#8221;0&#8243;][\/et_pb_wc_breadcrumb][et_pb_wc_cart_notice _builder_version=&#8221;4.17.3&#8243; title_text_color=&#8221;#FFFFFF&#8221; title_font_size=&#8221;17px&#8221; title_line_height=&#8221;1.8em&#8221; error_text_color=&#8221;#FFFFFF&#8221; content_text_color=&#8221;#FFFFFF&#8221; content_font_size=&#8221;15px&#8221; background_color=&#8221;#011B02&#8243; custom_button=&#8221;on&#8221; button_text_color=&#8221;#FFED00&#8243; button_border_color=&#8221;#FFED00&#8243; button_icon_color=&#8221;#FFED00&#8243; button_custom_margin_tablet=&#8221;&#8221; button_custom_margin_phone=&#8221;|10px|10px|10px|false|false&#8221; button_custom_margin_last_edited=&#8221;on|phone&#8221; width=&#8221;95%&#8221; button_icon_placement_tablet=&#8221;left&#8221; button_icon_placement_phone=&#8221;left&#8221; button_icon_placement_last_edited=&#8221;on|phone&#8221; border_width_all=&#8221;1px&#8221; border_color_all=&#8221;#FFED00&#8243; global_colors_info=&#8221;{}&#8221;][\/et_pb_wc_cart_notice][\/et_pb_column][et_pb_column type=&#8221;1_3&#8243; _builder_version=&#8221;4.16&#8243; custom_padding=&#8221;|||&#8221; global_colors_info=&#8221;{}&#8221; custom_padding__hover=&#8221;|||&#8221;][\/et_pb_column][\/et_pb_row][et_pb_row column_structure=&#8221;2_5,3_5&#8243; _builder_version=&#8221;4.17.3&#8243; background_size=&#8221;initial&#8221; background_position=&#8221;top_left&#8221; background_repeat=&#8221;repeat&#8221; width=&#8221;100%&#8221; custom_padding=&#8221;0px||||false|false&#8221; global_colors_info=&#8221;{}&#8221;][et_pb_column type=&#8221;2_5&#8243; _builder_version=&#8221;4.16&#8243; custom_padding=&#8221;|||&#8221; global_colors_info=&#8221;{}&#8221; custom_padding__hover=&#8221;|||&#8221;][et_pb_wc_images _builder_version=&#8221;4.16&#8243; max_height=&#8221;600px&#8221; global_colors_info=&#8221;{}&#8221;][\/et_pb_wc_images][\/et_pb_column][et_pb_column type=&#8221;3_5&#8243; _builder_version=&#8221;4.16&#8243; custom_padding=&#8221;|||&#8221; global_colors_info=&#8221;{}&#8221; custom_padding__hover=&#8221;|||&#8221;][et_pb_wc_title _builder_version=&#8221;4.16&#8243; global_colors_info=&#8221;{}&#8221;][\/et_pb_wc_title][et_pb_wc_rating _builder_version=&#8221;4.16&#8243; global_colors_info=&#8221;{}&#8221;][\/et_pb_wc_rating][et_pb_wc_price _builder_version=&#8221;4.16.0&#8243; custom_margin=&#8221;||0px||false|false&#8221; custom_padding=&#8221;||10px||false|false&#8221; global_colors_info=&#8221;{}&#8221;][\/et_pb_wc_price][et_pb_text _builder_version=&#8221;4.16.0&#8243; _module_preset=&#8221;default&#8221; text_font=&#8221;|300|||||||&#8221; text_text_color=&#8221;#FFFFFF&#8221; text_font_size=&#8221;12px&#8221; text_line_height=&#8221;1.1em&#8221; custom_margin=&#8221;0px||||false|false&#8221; custom_padding=&#8221;0px||||false|false&#8221; global_colors_info=&#8221;{}&#8221;]<\/p>\n<p>incl. plus 20% VAT Shipping costs<\/p>\n<p>[\/et_pb_text][et_pb_wc_additional_info show_title=&#8221;off&#8221; _builder_version=&#8221;4.17.3&#8243; _module_preset=&#8221;default&#8221; body_font=&#8221;|300|||||||&#8221; attribute_font=&#8221;||||||||&#8221; custom_margin=&#8221;0px||0px||false|false&#8221; custom_padding=&#8221;0px||0px||false|false&#8221; border_width_all_table=&#8221;1px&#8221; border_color_all_table=&#8221;#FFFFFF&#8221; global_colors_info=&#8221;{}&#8221;][\/et_pb_wc_additional_info][et_pb_wc_description _builder_version=&#8221;4.16.0&#8243; body_font=&#8221;|300|||||||&#8221; global_colors_info=&#8221;{}&#8221;][\/et_pb_wc_description][et_pb_wc_add_to_cart _builder_version=&#8221;4.16.0&#8243; fields_background_color=&#8221;#FFFFFF&#8221; fields_text_color=&#8221;#000000&#8243; field_label_text_color=&#8221;#011B02&#8243; fields_letter_spacing=&#8221;9px&#8221; custom_button=&#8221;on&#8221; button_text_color=&#8221;#FFED00&#8243; button_bg_color=&#8221;RGBA(255,255,255,0)&#8221; button_border_width=&#8221;1px&#8221; button_border_color=&#8221;#FFED00&#8243; button_font=&#8221;|300|||||||&#8221; border_color_all_fields=&#8221;RGBA(255,255,255,0)&#8221; global_colors_info=&#8221;{}&#8221;][\/et_pb_wc_add_to_cart][et_pb_wc_meta show_sku=&#8221;off&#8221; _builder_version=&#8221;4.17.3&#8243; _module_preset=&#8221;default&#8221; body_font=&#8221;|300|||||||&#8221; body_text_color=&#8221;#FFFFFF&#8221; body_font_size=&#8221;12px&#8221; body_line_height=&#8221;1.6em&#8221; global_colors_info=&#8221;{}&#8221;][\/et_pb_wc_meta][\/et_pb_column][\/et_pb_row][et_pb_row column_structure=&#8221;2_3,1_3&#8243; _builder_version=&#8221;4.16&#8243; background_size=&#8221;initial&#8221; background_position=&#8221;top_left&#8221; background_repeat=&#8221;repeat&#8221; width=&#8221;100%&#8221; global_colors_info=&#8221;{}&#8221;][et_pb_column type=&#8221;2_3&#8243; _builder_version=&#8221;4.16&#8243; custom_padding=&#8221;|||&#8221; global_colors_info=&#8221;{}&#8221; custom_padding__hover=&#8221;|||&#8221;][et_pb_wc_tabs active_tab_background_color=&#8221;#FFFFFF&#8221; inactive_tab_background_color=&#8221;#011B02&#8243; active_tab_text_color=&#8221;#000000&#8243; include_tabs=&#8221;description||reviews&#8221; _builder_version=&#8221;4.17.3&#8243; tab_text_color=&#8221;#FFFFFF&#8221; body_font=&#8221;|300|||||||&#8221; tab_font=&#8221;||||||||&#8221; background_color=&#8221;#011B02&#8243; global_colors_info=&#8221;{}&#8221;]\t\t\t\t\t[\/et_pb_wc_tabs][et_pb_wc_related_products include_categories=&#8221;current&#8221; _builder_version=&#8221;4.17.3&#8243; title_font_size=&#8221;23px&#8221; product_title_font_size=&#8221;18px&#8221; product_title_line_height=&#8221;1.2em&#8221; price_text_color=&#8221;#FFFFFF&#8221; price_font_size=&#8221;17px&#8221; global_colors_info=&#8221;{}&#8221;][\/et_pb_wc_related_products][\/et_pb_column][et_pb_column type=&#8221;1_3&#8243; _builder_version=&#8221;4.16&#8243; custom_padding=&#8221;|||&#8221; global_colors_info=&#8221;{}&#8221; custom_padding__hover=&#8221;|||&#8221;][et_pb_sidebar _builder_version=&#8221;4.16.0&#8243; _module_preset=&#8221;default&#8221; header_text_color=&#8221;#FFED00&#8243; body_font=&#8221;|300|||||||&#8221; body_text_color=&#8221;#FFFFFF&#8221; background_layout=&#8221;dark&#8221; custom_padding=&#8221;|||20px|false|false&#8221; border_width_left=&#8221;1px&#8221; border_color_left=&#8221;rgba(255,237,0,0.19)&#8221; global_colors_info=&#8221;{}&#8221; body_text_color__hover_enabled=&#8221;on|hover&#8221; body_text_color__hover=&#8221;#FFED00&#8243;][\/et_pb_sidebar][\/et_pb_column][\/et_pb_row][\/et_pb_section]<\/p>\n","protected":false},"excerpt":{"rendered":"<p><strong>Bohemian Ruby Toner 100ml<\/strong><\/p>\n<div class=\"canela-light-36 my-3\">hydrating, balancing and soothing<\/div>\n<div class=\"atlas-grotesk-regular-13 my-3\">\n<ul>\n<li>moisturizes and balances dry, sensitive skin<\/li>\n<li>reduces redness and inflammation<\/li>\n<li>stimulates cell renewal and helps the skin to heal<\/li>\n<li>bottled with high vibrational rose quartz<\/li>\n<\/ul>\n<\/div>\n","protected":false},"featured_media":8255,"template":"","meta":{"_et_pb_use_builder":"on","_et_pb_old_content":"<strong>Leahlani Bohemian Ruby Toner 100ml<\/strong>\r\n\r\nDer Bohemian Ruby ist ein pflegender, t\u00e4glicher Tonisierungsnebel f\u00fcr empfindliche Haut, der reichhaltige Feuchtigkeit spendet und R\u00f6tungen und Entz\u00fcndungen sanft ausgleicht. Mit seiner wohltuenden Mischung aus reinem Aloe-Wasser, organischen Bl\u00fctenhydrolaten, mineralstoffreichem hawaiianischem Meeresschlick und heilendem Rosenquartz schenkt dieser beruhigende Nebel trockener, empfindlicher Haut liebevolle Unterst\u00fctzung und Gelassenheit.\r\n<ul>\r\n \t<li class=\"li1\">ideal f\u00fcr trockene, sensible Haut<\/li>\r\n \t<li class=\"li1\">reduziert R\u00f6tungen und Entz\u00fcndungen<\/li>\r\n \t<li class=\"li1\">kurbelt den Zellstoffwechsel an und f\u00f6rdert Heilung<\/li>\r\n \t<li class=\"li1\">abgef\u00fcllt mit einem hochschwingenden Rosenquartz<\/li>\r\n \t<li>hawaiianische Meeresschlicken optimieren die Feuchtigkeitszufuhr durch die Zufuhr reichhaltiger Mineralien die den Zellstoffwechsel anregen<\/li>\r\n \t<li class=\"li1\">Rosendestillat - mit ihrem reichhaltigen Angebot an Vitaminen, Mineralien und Antioxidantien verf\u00fcgt die Rose \u00fcber stark erweichende Eigenschaften, die trockene Haut mit Feuchtigkeit versorgen<\/li>\r\n \t<li>Aloe Vera Wasser heilt und hydratisiert die Haut mit beruhigender Feuchtigkeit, reduziert Entz\u00fcndungen und hilft Akne, sowie Austrocknung der Haut vorzubeugen<\/li>\r\n \t<li>Ringelblume f\u00f6rdert die Heilung und pflegt die Haut mit antiseptischen Eigenschaften, die dabei helfen Ausbr\u00fcche zu verhindern<\/li>\r\n<\/ul>\r\nDie Produkte von Leahlani Skincare werden in kleinen Chargen aus hochwertigen biologischen, wildwachsenden und lokalen hawaiianischen Zutaten frisch hergestellt. Sie sind zu 100 % frei von Tierqu\u00e4lerei und enthalten keine synthetischen Farb- oder Duftstoffe.\r\n\r\n<strong>Anwendung:<\/strong>\r\n<ul>\r\n \t<li class=\"li1\">zum Aktivieren sch\u00fctteln Sie die Falsche sanft 4-5 mal und spr\u00fchen den Toner auf das gereinigte Gesicht, Hals und Dekollet\u00e9 bevor Sie Ihre Pflegeroutine fortsetzen, oder so oft Sie Ihrer Haut Feuchtigkeit spenden und sie erfrischen m\u00f6chten<\/li>\r\n \t<li class=\"li1\">aufgrund seiner nat\u00fcrlichen Beschaffenheit ist eine Absetzung der Inhaltsstoffe m\u00f6glich - dies ist ganz normal<\/li>\r\n<\/ul>\r\n<strong>Inhaltsstoffe:\r\n<\/strong>Aloe Vera Water, *Matricaria recutita (chamomile) distillate, *Rosa damascena (rose) distillate, *Calendula Officinalis (calendula) distillate, *Lippia citriodora (lemon verbena) distillate, *Pelargonium graveolens (geranium) distillate, Witch Hazel (Hamamelis) Distillate, Leuconostoc Ferment Filtrate, Lavandula Angustifolia (Lavender) Distillate, Matricaria Chamomilla (Chamomile) Oil, *Lavandula Angustifolia (Lavender) Oil, Saccharomyces\/Sea Silt Ferment (Hawaiian), Rosa Sinensis (hibiscus) Fruit, Rose Quartz Gemstone\r\n<p class=\"p1\">*aus biologischem Anbau<\/p>\r\n<strong>Haltbarkeit: nach dem \u00d6ffnen mindestens 6 Monate haltbar<\/strong>","_et_gb_content_width":"","pgc_sgb_lightbox_settings":""},"product_brand":[],"product_cat":[270],"product_tag":[279,277,194,272,273,278,229],"class_list":{"0":"post-8069","1":"product","2":"type-product","3":"status-publish","4":"has-post-thumbnail","6":"product_cat-leahlani-en","7":"product_tag-balancing-toner","8":"product_tag-bohemian-ruby-en","9":"product_tag-holistic-skin-care-en","10":"product_tag-leahlani-en","11":"product_tag-organic-en","12":"product_tag-rose-quartz","13":"product_tag-tierleidfrei-en","15":"first","16":"instock","17":"taxable","18":"shipping-taxable","19":"purchasable","20":"product-type-simple"},"_links":{"self":[{"href":"https:\/\/shofah.at\/en\/wp-json\/wp\/v2\/product\/8069","targetHints":{"allow":["GET"]}}],"collection":[{"href":"https:\/\/shofah.at\/en\/wp-json\/wp\/v2\/product"}],"about":[{"href":"https:\/\/shofah.at\/en\/wp-json\/wp\/v2\/types\/product"}],"wp:featuredmedia":[{"embeddable":true,"href":"https:\/\/shofah.at\/en\/wp-json\/wp\/v2\/media\/8255"}],"wp:attachment":[{"href":"https:\/\/shofah.at\/en\/wp-json\/wp\/v2\/media?parent=8069"}],"wp:term":[{"taxonomy":"product_brand","embeddable":true,"href":"https:\/\/shofah.at\/en\/wp-json\/wp\/v2\/product_brand?post=8069"},{"taxonomy":"product_cat","embeddable":true,"href":"https:\/\/shofah.at\/en\/wp-json\/wp\/v2\/product_cat?post=8069"},{"taxonomy":"product_tag","embeddable":true,"href":"https:\/\/shofah.at\/en\/wp-json\/wp\/v2\/product_tag?post=8069"}],"curies":[{"name":"wp","href":"https:\/\/api.w.org\/{rel}","templated":true}]}}