{"id":5345,"date":"2022-03-29T16:55:47","date_gmt":"2022-03-29T14:55:47","guid":{"rendered":"https:\/\/spa.sisonke-design.com\/impressum\/"},"modified":"2022-07-26T20:58:13","modified_gmt":"2022-07-26T18:58:13","slug":"imprint","status":"publish","type":"page","link":"https:\/\/shofah.at\/en\/imprint\/","title":{"rendered":"Imprint"},"content":{"rendered":"<p>[et_pb_section fb_built=&#8221;1&#8243; _builder_version=&#8221;4.16.0&#8243; background_color=&#8221;RGBA(255,255,255,0)&#8221; global_colors_info=&#8221;{}&#8221;][et_pb_row column_structure=&#8221;2_3,1_3&#8243; _builder_version=&#8221;4.16&#8243; background_size=&#8221;initial&#8221; background_position=&#8221;top_left&#8221; background_repeat=&#8221;repeat&#8221; global_colors_info=&#8221;{}&#8221;][et_pb_column type=&#8221;2_3&#8243; _builder_version=&#8221;4.16&#8243; custom_padding=&#8221;|||&#8221; global_colors_info=&#8221;{}&#8221; custom_padding__hover=&#8221;|||&#8221;][et_pb_text _builder_version=&#8221;4.17.6&#8243; text_font=&#8221;|300|||||||&#8221; header_font=&#8221;|300|||||||&#8221; header_text_color=&#8221;#FFED00&#8243; header_line_height=&#8221;1.2em&#8221; header_2_font=&#8221;|300|||||||&#8221; header_2_text_color=&#8221;#FFED00&#8243; header_2_line_height=&#8221;1.2em&#8221; background_size=&#8221;initial&#8221; background_position=&#8221;top_left&#8221; background_repeat=&#8221;repeat&#8221; hover_enabled=&#8221;0&#8243; global_colors_info=&#8221;{}&#8221; sticky_enabled=&#8221;0&#8243;]<\/p>\n<h1>Imprint<\/h1>\n<h2>Sho Fah Geromichalos KG<\/h2>\n<p>Sitz der Gesellschaft:<br \/>S\u00e4ulengasse 13<br \/>1090 Wien<br \/>\u00d6sterreich<\/p>\n<p>Tel: +43 (0) 1 317 65 64<br \/>Email: office@shofah.at<\/p>\n<p>Unbeschr\u00e4nkt haftender Gesellschafter<br \/>Gesch\u00e4ftsf\u00fchrer: Jonas Ahmad<br \/>Kommanditistin: Alexandra Geromichalos<\/p>\n<p>Firmenbuchnummer: FN 297770 y<br \/>Firmenbuchgericht: Handelsgericht Wien<br \/>Umsatzsteuer-Identifikationsnummer: ATU 63942103<\/p>\n<p>Gewerbe WKO: Fu\u00dfpflege, Kosmetik und Massage<\/p>\n<p>Die Europ\u00e4ische Kommission stellt eine Plattform zur Online-Streitbeilegung (OS) bereit, die Sie hier finden <a href=\"https:\/\/ec.europa.eu\/consumers\/odr\/\" target=\"_blank\" rel=\"noopener\">https:\/\/ec.europa.eu\/consumers\/odr\/<\/a>.<br \/>Wir sind bereit, an einem au\u00dfergerichtlichen Schlichtungsverfahren vor einer Verbraucherschlichtungsstelle teilzunehmen.<\/p>\n<p>[\/et_pb_text][et_pb_divider show_divider=&#8221;off&#8221; _builder_version=&#8221;4.16.0&#8243; _module_preset=&#8221;default&#8221; custom_padding=&#8221;||100px||false|false&#8221; global_colors_info=&#8221;{}&#8221;][\/et_pb_divider][\/et_pb_column][et_pb_column type=&#8221;1_3&#8243; _builder_version=&#8221;4.16&#8243; custom_padding=&#8221;|||&#8221; global_colors_info=&#8221;{}&#8221; custom_padding__hover=&#8221;|||&#8221;][\/et_pb_column][\/et_pb_row][\/et_pb_section]<\/p>\n","protected":false},"excerpt":{"rendered":"<p>Imprint Sho Fah Geromichalos KG Sitz der Gesellschaft:S\u00e4ulengasse 131090 Wien\u00d6sterreich Tel: +43 (0) 1 317 65 64Email: office@shofah.at Unbeschr\u00e4nkt haftender GesellschafterGesch\u00e4ftsf\u00fchrer: Jonas AhmadKommanditistin: Alexandra Geromichalos Firmenbuchnummer: FN 297770 yFirmenbuchgericht: Handelsgericht WienUmsatzsteuer-Identifikationsnummer: ATU 63942103 Gewerbe WKO: Fu\u00dfpflege, Kosmetik und Massage Die Europ\u00e4ische Kommission stellt eine Plattform zur Online-Streitbeilegung (OS) bereit, die Sie hier finden https:\/\/ec.europa.eu\/consumers\/odr\/.Wir sind [&hellip;]<\/p>\n","protected":false},"author":5,"featured_media":0,"parent":0,"menu_order":0,"comment_status":"closed","ping_status":"closed","template":"","meta":{"_et_pb_use_builder":"on","_et_pb_old_content":"<p>Impressum<\/p><p>Sho Fah Geromichalos KG<\/p><p>Sitz der Gesellschaft:<br \/>S\u00e4ulengasse 13<br \/>1090 Wien <br \/>\u00d6sterreich<\/p><p>Tel: +43 (0) 1 317 65 64 <br \/>Email: office@shofah.at<\/p><p>Unbeschr\u00e4nkt haftender Gesellschafter<br \/>Gesch\u00e4ftsf\u00fchrer: Jonas Ahmad <br \/>Kommanditistin: Alexandra Geromichalos<\/p><p>Firmenbuchnummer: FN 297770 y <br \/>Firmenbuchgericht: Handelsgericht Wien <br \/>Umsatzsteuer-Identifikationsnummer: ATU 63942103<\/p><p>Gewerbe WKO: Fu\u00dfpflege, Kosmetik und Massage<\/p><p>Die Europ\u00e4ische Kommission stellt eine Plattform zur Online-Streitbeilegung (OS) bereit, die Sie hier finden https:\/\/ec.europa.eu\/consumers\/odr\/.<br \/>Wir sind bereit, an einem au\u00dfergerichtlichen Schlichtungsverfahren vor einer Verbraucherschlichtungsstelle teilzunehmen.<\/p>","_et_gb_content_width":"","pgc_sgb_lightbox_settings":"","footnotes":""},"class_list":["post-5345","page","type-page","status-publish","hentry"],"_links":{"self":[{"href":"https:\/\/shofah.at\/en\/wp-json\/wp\/v2\/pages\/5345","targetHints":{"allow":["GET"]}}],"collection":[{"href":"https:\/\/shofah.at\/en\/wp-json\/wp\/v2\/pages"}],"about":[{"href":"https:\/\/shofah.at\/en\/wp-json\/wp\/v2\/types\/page"}],"author":[{"embeddable":true,"href":"https:\/\/shofah.at\/en\/wp-json\/wp\/v2\/users\/5"}],"replies":[{"embeddable":true,"href":"https:\/\/shofah.at\/en\/wp-json\/wp\/v2\/comments?post=5345"}],"version-history":[{"count":0,"href":"https:\/\/shofah.at\/en\/wp-json\/wp\/v2\/pages\/5345\/revisions"}],"wp:attachment":[{"href":"https:\/\/shofah.at\/en\/wp-json\/wp\/v2\/media?parent=5345"}],"curies":[{"name":"wp","href":"https:\/\/api.w.org\/{rel}","templated":true}]}}