{"id":4776,"date":"2022-05-16T12:59:02","date_gmt":"2022-05-16T10:59:02","guid":{"rendered":"https:\/\/spa.sisonke-design.com\/?page_id=4776"},"modified":"2025-01-07T15:14:11","modified_gmt":"2025-01-07T14:14:11","slug":"faq-en","status":"publish","type":"page","link":"https:\/\/shofah.at\/en\/faq-en\/","title":{"rendered":"FAQ"},"content":{"rendered":"<p>[et_pb_section fb_built=&#8221;1&#8243; _builder_version=&#8221;4.17.4&#8243; _module_preset=&#8221;default&#8221; background_image=&#8221;https:\/\/shofah.at\/wp-content\/uploads\/2022\/05\/Shofah_image_faqs.jpg&#8221; global_colors_info=&#8221;{}&#8221;][et_pb_row column_structure=&#8221;3_5,2_5&#8243; _builder_version=&#8221;4.16&#8243; _module_preset=&#8221;default&#8221; global_colors_info=&#8221;{}&#8221;][et_pb_column type=&#8221;3_5&#8243; _builder_version=&#8221;4.16&#8243; _module_preset=&#8221;default&#8221; global_colors_info=&#8221;{}&#8221;][et_pb_post_title meta=&#8221;off&#8221; featured_image=&#8221;off&#8221; _builder_version=&#8221;4.17.3&#8243; _module_preset=&#8221;default&#8221; title_font=&#8221;|300|||||||&#8221; title_text_color=&#8221;#FFED00&#8243; title_font_size=&#8221;32px&#8221; title_line_height=&#8221;1.4em&#8221; hover_enabled=&#8221;0&#8243; global_colors_info=&#8221;{}&#8221; sticky_enabled=&#8221;0&#8243;][\/et_pb_post_title][et_pb_text _builder_version=&#8221;4.17.4&#8243; _module_preset=&#8221;default&#8221; text_font=&#8221;|300|||||||&#8221; text_text_color=&#8221;#FFFFFF&#8221; global_colors_info=&#8221;{}&#8221;]<\/p>\n<p>Here you will find answers to the most frequently asked questions &#8211; you are also welcome to contact us by telephone during our opening hours or by e-mail at any time.<\/p>\n<p>[\/et_pb_text][et_pb_accordion open_toggle_text_color=&#8221;#FFFFFF&#8221; open_toggle_background_color=&#8221;#011B02&#8243; closed_toggle_background_color=&#8221;#011B02&#8243; toggle_icon=&#8221;&#x50;||divi||400&#8243; icon_color=&#8221;#FFFFFF&#8221; _builder_version=&#8221;4.27.2&#8243; _module_preset=&#8221;default&#8221; toggle_text_color=&#8221;#FFFFFF&#8221; toggle_level=&#8221;h2&#8243; toggle_font_size=&#8221;20px&#8221; toggle_line_height=&#8221;1.2em&#8221; body_font=&#8221;|300|||||||&#8221; body_text_color=&#8221;#FFFFFF&#8221; background_color=&#8221;RGBA(255,255,255,0)&#8221; hover_enabled=&#8221;0&#8243; border_width_all=&#8221;0px&#8221; global_colors_info=&#8221;{}&#8221; sticky_enabled=&#8221;0&#8243;][et_pb_accordion_item title=&#8221;Everything about your treatment &#8221; open_toggle_text_color=&#8221;#FFED00&#8243; open_toggle_background_color=&#8221;RGBA(255,255,255,0)&#8221; closed_toggle_text_color=&#8221;#FFED00&#8243; closed_toggle_background_color=&#8221;RGBA(255,255,255,0)&#8221; icon_color=&#8221;RGBA(255,255,255,0)&#8221; _builder_version=&#8221;4.17.4&#8243; _module_preset=&#8221;default&#8221; custom_margin=&#8221;|||0px|false|false&#8221; custom_padding=&#8221;|||0px|false|false&#8221; border_width_all=&#8221;0px&#8221; global_colors_info=&#8221;{}&#8221; toggle_text_color=&#8221;#FFED00&#8243; toggle_font=&#8221;|300|||||||&#8221; toggle_font_size=&#8221;27px&#8221; closed_toggle_font=&#8221;|300|||||||&#8221; closed_toggle_font_size=&#8221;27px&#8221; open=&#8221;on&#8221;][\/et_pb_accordion_item][et_pb_accordion_item title=&#8221;How can I make an appointment for a treatment? &#8221; open_toggle_background_color=&#8221;#011B02&#8243; _builder_version=&#8221;4.17.6&#8243; _module_preset=&#8221;default&#8221; global_colors_info=&#8221;{}&#8221; open=&#8221;off&#8221;]<\/p>\n<p>For longer packages, special requests regarding certain massage combinations, booking our VIP room or desired therapist, please call us on 01 317 65 64 or send us an email to <a href=\"mailto:office@shofah.at\">office@shofah.at<\/a>. You are also welcome to use our <a href=\"https:\/\/shofah.at\/en\/book-appointment\/\">online booking tool<\/a>. <\/p>\n<p>[\/et_pb_accordion_item][et_pb_accordion_item title=&#8221;I would like to make an appointment on a certain day, but there are no more places available  &#8221; _builder_version=&#8221;4.17.4&#8243; _module_preset=&#8221;default&#8221; global_colors_info=&#8221;{}&#8221; open=&#8221;off&#8221;]<\/p>\n<p>If this is the case, please contact us so that we can either put you on our waiting list or work together to find a suitable alternative appointment for you.<\/p>\n<p>[\/et_pb_accordion_item][et_pb_accordion_item title=&#8221;Do I have to have an appointment for treatment?&#8221; _builder_version=&#8221;4.17.4&#8243; _module_preset=&#8221;default&#8221; global_colors_info=&#8221;{}&#8221; open=&#8221;off&#8221;]<\/p>\n<p>&#8220;Walk in&#8221; appointments, i.e. spontaneous appointments for &#8220;random guests&#8221; without prior arrangement are unfortunately rather rarely available. Therefore, we generally recommend that our clients make an appointment by phone, email or online &#8211; even for the same day.<\/p>\n<p>[\/et_pb_accordion_item][et_pb_accordion_item title=&#8221;I have to cancel my appointment or would like to postpone it&#8221; _builder_version=&#8221;4.17.4&#8243; _module_preset=&#8221;default&#8221; global_colors_info=&#8221;{}&#8221; open=&#8221;off&#8221;]<\/p>\n<p>If you are forced to cancel or postpone your appointment, we can understand this. However, we ask for your understanding that we book the appointments and the therapists exclusively for you. Therefore, we ask you to inform us at least 24 hours in advance if you cannot keep your appointment. In case of cancellation on the same day or &#8220;no-show&#8221; we have to charge you for the booked treatments in full (except of course in justified, unforeseeable emergencies).<\/p>\n<p>[\/et_pb_accordion_item][et_pb_accordion_item title=&#8221;I can&#8217;t make it to my appointment on time&#8221; _builder_version=&#8221;4.17.4&#8243; _module_preset=&#8221;default&#8221; global_colors_info=&#8221;{}&#8221; open=&#8221;off&#8221;]<\/p>\n<p>If you arrive late for your agreed appointment, we ask for your understanding that we may have to deduct this duration from your massage time &#8211; also in the interest of the following clients. Therefore, please come to your appointment on time. If you should be late, we will of course still endeavour to provide you with the best possible treatment. However, as we cannot change subsequent reservations, we ask for your understanding that even if the duration of the massage is changed or shortened due to the delay, the booked treatment must still be paid for at the full price.<\/p>\n<p>[\/et_pb_accordion_item][et_pb_accordion_item title=&#8221;When should I arrive at Shofah Spa for my treatment?&#8221; _builder_version=&#8221;4.17.4&#8243; _module_preset=&#8221;default&#8221; global_colors_info=&#8221;{}&#8221; open=&#8221;off&#8221;]<\/p>\n<p>Please arrive at the spa at least 10 to 15 minutes before your appointment. This will give you enough time to start your treatment completely relaxed and to fully enjoy your booked treatment time.<\/p>\n<p>[\/et_pb_accordion_item][et_pb_accordion_item title=&#8221;I have never been to a spa before. What should I expect and do I need to bring anything with me?&#8221; _builder_version=&#8221;4.17.4&#8243; _module_preset=&#8221;default&#8221; global_colors_info=&#8221;{}&#8221; open=&#8221;off&#8221;]<\/p>\n<p>Take it easy &#8211; everything you need for your stay at Shofah Spa, such as towels, bathrobe, bath cosmetics, slippers etc. is ready for you and included in the price. Please arrive 10-15 minutes before your appointment, our reception will welcome you as you enter and will be happy to explain the rest of the process. You can choose a massage oil at your leisure and relax during the traditional Thai foot washing. Please leave your mobile phone switched off &#8211; this will help you to enjoy your time out even more. As our massage\/treatment times correspond to the pure massage\/treatment time, we ask you to plan at least 30-40 minutes extra for your visit, as you can relax after your treatment with fresh fruit, exotic juices and aromatic teas in our exclusive relaxation zone, in summer also in our spa garden.<\/p>\n<p>[\/et_pb_accordion_item][et_pb_accordion_item title=&#8221;I am pregnant. Can I still come to you?&#8221; open_toggle_background_color=&#8221;#011B02&#8243; closed_toggle_background_color=&#8221;#011B02&#8243; _builder_version=&#8221;4.17.4&#8243; _module_preset=&#8221;default&#8221; global_colors_info=&#8221;{}&#8221; open=&#8221;off&#8221;]<\/p>\n<p>Congratulations! Of course you can. Our pregnancy massage has been specially designed for expectant mothers. You can lie comfortably on your stomach on our pregnancy massage bed up to the 9th month. Please always inform us about your pregnancy so that we can take this into account when booking and point it out to our therapists.<\/p>\n<p>[\/et_pb_accordion_item][et_pb_accordion_item title=&#8221;Is there a minimum age for the treatments? &#8221; open_toggle_background_color=&#8221;#011B02&#8243; closed_toggle_background_color=&#8221;#011B02&#8243; _builder_version=&#8221;4.17.4&#8243; _module_preset=&#8221;default&#8221; global_colors_info=&#8221;{}&#8221; open=&#8221;off&#8221;]<\/p>\n<p>No, we are happy to massage children of all ages. For our youngest guests, we recommend the treatment together with mum or dad in the same room. Children under 12 receive a discount of 10\u20ac per treatment.<\/p>\n<p>[\/et_pb_accordion_item][et_pb_accordion_item title=&#8221;How can I buy a voucher?&#8221; open_toggle_background_color=&#8221;#011B02&#8243; closed_toggle_background_color=&#8221;#011B02&#8243; _builder_version=&#8221;4.17.4&#8243; _module_preset=&#8221;default&#8221; global_colors_info=&#8221;{}&#8221; open=&#8221;off&#8221;]<\/p>\n<p>There are several ways:<\/p>\n<ol>\n<li>You can purchase the desired treatment or the value voucher at our premises during our opening hours.<\/li>\n<li>You order a voucher via our e-mail address <a href=\"mailto:office@shofah.at\">office@shofah.at <\/a>(or call us on 01 317 65 64). In urgent cases, we will send the voucher to you immediately by e-mail.<\/li>\n<li>You order the voucher in our online shop.<\/li>\n<\/ol>\n<p>[\/et_pb_accordion_item][et_pb_accordion_item title=&#8221;What payment options do you offer?&#8221; open=&#8221;off&#8221; open_toggle_background_color=&#8221;#011B02&#8243; closed_toggle_background_color=&#8221;#011B02&#8243; _builder_version=&#8221;4.17.4&#8243; _module_preset=&#8221;default&#8221; global_colors_info=&#8221;{}&#8221;]<\/p>\n<p>At Shofah Spa we accept cash as well as all major debit and credit cards (except Diners Club).<\/p>\n<ol>\n<li>When ordering vouchers via <a href=\"mailto:office@shofah.at\">office@shofah.at<\/a> (or by telephone on 01 317 65 64) you will receive our bank details and can transfer the amount (the voucher can be redeemed after payment has been received in our bank account).<\/li>\n<li>When ordering vouchers in our online shop you can pay by DIRECTebanking, PayPal and with any credit card.<\/li>\n<\/ol>\n<p>[\/et_pb_accordion_item][et_pb_accordion_item title=&#8221;How long is my voucher valid?&#8221; open_toggle_background_color=&#8221;#011B02&#8243; closed_toggle_background_color=&#8221;#011B02&#8243; _builder_version=&#8221;4.17.4&#8243; _module_preset=&#8221;default&#8221; global_colors_info=&#8221;{}&#8221; open=&#8221;off&#8221;]<\/p>\n<p>Vouchers that have been purchased are valid for 30 years according to a ruling by the OGH. Please redeem prize vouchers within the period stated on the voucher.<\/p>\n<p>[\/et_pb_accordion_item][et_pb_accordion_item title=&#8221;Can I also tip my therapist when paying by card? &#8221; open_toggle_background_color=&#8221;#011B02&#8243; closed_toggle_background_color=&#8221;#011B02&#8243; _builder_version=&#8221;4.17.4&#8243; _module_preset=&#8221;default&#8221; global_colors_info=&#8221;{}&#8221; open=&#8221;off&#8221;]<\/p>\n<p>Yes, you can. Simply let us know the amount you would like to tip when you pay for your massage. You will then receive this amount from us in cash and can either give the tip to your therapist personally or deposit it in the respective tip box.<\/p>\n<p>[\/et_pb_accordion_item][\/et_pb_accordion][\/et_pb_column][et_pb_column type=&#8221;2_5&#8243; _builder_version=&#8221;4.16&#8243; _module_preset=&#8221;default&#8221; global_colors_info=&#8221;{}&#8221;][\/et_pb_column][\/et_pb_row][\/et_pb_section]<\/p>\n","protected":false},"excerpt":{"rendered":"<p>Here you will find answers to the most frequently asked questions &#8211; you are also welcome to contact us by telephone during our opening hours or by e-mail at any time.For longer packages, special requests regarding certain massage combinations, booking our VIP room or desired therapist, please call us on 01 317 65 64 or [&hellip;]<\/p>\n","protected":false},"author":5,"featured_media":0,"parent":0,"menu_order":0,"comment_status":"closed","ping_status":"closed","template":"","meta":{"_et_pb_use_builder":"on","_et_pb_old_content":"<p>[et_pb_section fb_built=\"1\" _builder_version=\"4.17.4\" _module_preset=\"default\" background_image=\"https:\/\/shofah.at\/wp-content\/uploads\/2022\/05\/Shofah_image_faqs.jpg\" global_colors_info=\"{}\"][et_pb_row column_structure=\"3_5,2_5\" _builder_version=\"4.16\" _module_preset=\"default\" global_colors_info=\"{}\"][et_pb_column type=\"3_5\" _builder_version=\"4.16\" _module_preset=\"default\" global_colors_info=\"{}\"][et_pb_post_title meta=\"off\" featured_image=\"off\" _builder_version=\"4.17.3\" _module_preset=\"default\" title_font=\"|300|||||||\" title_text_color=\"#FFED00\" title_font_size=\"32px\" title_line_height=\"1.4em\" global_colors_info=\"{}\"][\/et_pb_post_title][et_pb_text _builder_version=\"4.17.4\" _module_preset=\"default\" text_font=\"|300|||||||\" text_text_color=\"#FFFFFF\" hover_enabled=\"0\" global_colors_info=\"{}\" sticky_enabled=\"0\"]<\/p><p>Hier finden Sie Antworten auf die am h\u00e4ufigsten gestellten Fragen \u2013 gerne k\u00f6nnen Sie uns auch w\u00e4hrend unserer \u00d6ffnungszeiten telefonisch kontaktieren oder jederzeit per Mail.<\/p><p>[\/et_pb_text][et_pb_accordion open_toggle_text_color=\"#FFFFFF\" open_toggle_background_color=\"#011B02\" closed_toggle_background_color=\"#011B02\" toggle_icon=\"P||divi||400\" icon_color=\"#FFFFFF\" _builder_version=\"4.17.4\" _module_preset=\"default\" toggle_text_color=\"#FFFFFF\" toggle_level=\"h3\" toggle_font_size=\"20px\" toggle_line_height=\"1.2em\" body_font=\"|300|||||||\" body_text_color=\"#FFFFFF\" background_color=\"RGBA(255,255,255,0)\" hover_enabled=\"0\" border_width_all=\"0px\" global_colors_info=\"{}\" sticky_enabled=\"0\"][et_pb_accordion_item title=\"Alles rund um Ihre Behandlung\" open=\"on\" open_toggle_text_color=\"#FFED00\" open_toggle_background_color=\"RGBA(255,255,255,0)\" closed_toggle_text_color=\"#FFED00\" closed_toggle_background_color=\"RGBA(255,255,255,0)\" icon_color=\"RGBA(255,255,255,0)\" _builder_version=\"4.17.4\" _module_preset=\"default\" hover_enabled=\"0\" border_width_all=\"0px\" global_colors_info=\"{}\" toggle_text_color=\"#FFED00\" toggle_font=\"|300|||||||\" toggle_font_size=\"27px\" closed_toggle_font=\"|300|||||||\" closed_toggle_font_size=\"27px\" custom_padding=\"|||0px|false|false\" custom_margin=\"|||0px|false|false\" sticky_enabled=\"0\"][\/et_pb_accordion_item][et_pb_accordion_item title=\"Wie kann ich einen Termin f\u00fcr eine Behandlung vereinbaren?\" open_toggle_background_color=\"#011B02\" _builder_version=\"4.17.3\" _module_preset=\"default\" global_colors_info=\"{}\" open=\"off\"]<\/p><p>F\u00fcr l\u00e4ngere Packages, besondere W\u00fcnsche bez\u00fcglich bestimmter Massagekombinationen, \u00a0die Buchung unseres VIP Raumes oder Wunsch-Therapeuten rufen Sie uns bitte unter 01 317 65 64 an oder schreiben Sie uns eine Mail an <a href=\"mailto:office@shofah.at\">office@shofah.at<\/a>. Gerne k\u00f6nnen Sie f\u00fcr einfache Terminbuchungen f\u00fcr 30min, 45min, 60min, 90min Behandlungen auch unser Online-Buchungstool nutzen. In unserem Buchungssystem k\u00f6nnen Sie jeweils f\u00fcr die kommenden 14 Tage Buchungen vornehmen. Da wir nur ein begrenztes Kontingent an Terminen online anbieten, k\u00f6nnen Sie sich f\u00fcr Ihren Wunschtermin gerne auch immer per Telefon oder Mail an uns wenden.<\/p><p>[\/et_pb_accordion_item][et_pb_accordion_item title=\"Ich w\u00fcrde gerne einen Termin an einem bestimmten Tag vereinbaren, aber es gibt keine freien Pl\u00e4tze mehr\" _builder_version=\"4.17.3\" _module_preset=\"default\" global_colors_info=\"{}\" open=\"off\"]<\/p><p>In diesem Fall bitten wir Sie darum, uns zu kontaktieren, damit wir Sie entweder auf unsere Warteliste setzen oder gemeinsam einen geeigneten Ersatztermin f\u00fcr Sie finden k\u00f6nnen.<\/p><p>[\/et_pb_accordion_item][et_pb_accordion_item title=\"Muss ich einen Termin f\u00fcr eine Behandlung haben? \" _builder_version=\"4.17.3\" _module_preset=\"default\" global_colors_info=\"{}\" open=\"off\"]<\/p><p>\u201eWalk in\u201c-Termine, also spontanen Termine f\u00fcr \u201ezuf\u00e4llige G\u00e4ste\u201c ohne vorherige Vereinbarung sind leider eher selten verf\u00fcgbar. Daher empfehlen wir unseren Kunden generell eine Terminvereinbarung per Telefon, Mail oder online - auch f\u00fcr denselben Tag.<\/p><p>[\/et_pb_accordion_item][et_pb_accordion_item title=\"Ich muss meinen vereinbarten Behandlungstermin doch absagen oder m\u00f6chte diesen verschieben \" _builder_version=\"4.17.3\" _module_preset=\"default\" global_colors_info=\"{}\" open=\"off\"]<\/p><p>Sollten Sie gezwungen sein Ihren Termin abzusagen oder verschieben zu m\u00fcssen, k\u00f6nnen wir das verstehen. Wir ersuchen Sie aber um Verst\u00e4ndnis, dass wir die Termine und die Therapeuten exklusiv f\u00fcr Sie buchen. Deshalb bitten wir Sie, uns sp\u00e4testens 24h vorher zu informieren, wenn Sie Ihren Termin nicht einhalten k\u00f6nnen. Bei Stornierungen am selben Tag oder \u201eNichterscheinen\u201c m\u00fcssen wir Ihnen die gebuchten Behandlungen zur G\u00e4nze verrechnen (au\u00dfer nat\u00fcrlich in begr\u00fcndeten, unvorhersehbaren Notf\u00e4llen).<\/p><p>[\/et_pb_accordion_item][et_pb_accordion_item title=\"Ich schaffe es nicht rechtzeitig zu meinem Termin\" _builder_version=\"4.17.3\" _module_preset=\"default\" global_colors_info=\"{}\" open=\"off\"]<\/p><p>Wenn Sie versp\u00e4tet zu Ihrem vereinbarten Termin erscheinen, bitten wir um Verst\u00e4ndnis daf\u00fcr, dass wir \u2013 auch im Interesse der nachfolgenden Kunden \u2013 diese Dauer gegebenenfalls von Ihrer Massagezeit abziehen m\u00fcssen. Kommen Sie deshalb bitte rechtzeitig zu Ihrem Termin. Wenn Sie sich versp\u00e4ten sollten, sind wir nat\u00fcrlich dennoch bem\u00fcht, Ihnen eine optimale Behandlung zu bieten. Da wir jedoch nachfolgende Reservierungen nicht ver\u00e4ndern k\u00f6nnen, ersuchen wir um Verst\u00e4ndnis, dass auch bei durch die Versp\u00e4tung ver\u00e4nderte oder gek\u00fcrzte Massagedauer dennoch die gebuchte Behandlung zum vollen Preis zu bezahlen ist.<\/p><p>[\/et_pb_accordion_item][et_pb_accordion_item title=\"Wann sollte ich f\u00fcr meine Behandlung im Shofah Spa ankommen?\" _builder_version=\"4.17.3\" _module_preset=\"default\" global_colors_info=\"{}\" open=\"off\"]<\/p><p>Bitte kommen Sie mindestens 10 bis 15 Minuten vor Ihrem Termin in das Spa. So haben Sie gen\u00fcgend Zeit, um ganz entspannt in Ihre Behandlung zu starten und Ihre gebuchte Behandlungsdauer vollst\u00e4ndig zu genie\u00dfen.<\/p><p>[\/et_pb_accordion_item][et_pb_accordion_item title=\"Ich war noch nie in einem Spa. Was erwartet mich und muss ich etwas mitbringen? \" _builder_version=\"4.17.3\" _module_preset=\"default\" global_colors_info=\"{}\" open=\"off\"]<\/p><p>Gehen Sie es ganz entspannt an \u2013 alles was Sie f\u00fcr Ihren Aufenthalt im Shofah Spa brauchen, wie z.B Handt\u00fccher, Bademantel, Badekosmetik, Hausschuhe etc. liegt f\u00fcr Sie bereit und ist im Preis inbegriffen. Kommen Sie bitte 10-15 Minuten vor Ihrem Termin, unsere Rezeption empf\u00e4ngt Sie beim Eintreten und erkl\u00e4rt Ihnen gern den weiteren Ablauf. Sie k\u00f6nnen in Ruhe vor Ort ein Massage\u00f6l ausw\u00e4hlen und bei der traditionellen thail\u00e4ndischen Fu\u00dfwaschung relaxen. Lassen Sie bitte Ihr Mobiltelefon abgedreht \u2013 so k\u00f6nnen Sie Ihre Auszeit noch besser genie\u00dfen. Da unsere Zeitangaben bei den Massagen der reinen Massagezeit entsprechen, ersuchen wir Sie f\u00fcr Ihren Besuch mindestens 30-40min zus\u00e4tzlich einzuplanen, da Sie nach Ihrer Behandlung bei frischen Fr\u00fcchten, exotischen S\u00e4ften sowie aromatischen Tees in unserer exklusiven Relax-Zone, im Sommer gerne auch in unserem Spa Garten, entspannen k\u00f6nnen.<\/p><p>[\/et_pb_accordion_item][et_pb_accordion_item title=\"Ich bin schwanger. Kann ich trotzdem zu Ihnen kommen?\" open_toggle_background_color=\"#011B02\" closed_toggle_background_color=\"#011B02\" _builder_version=\"4.17.3\" _module_preset=\"default\" global_colors_info=\"{}\" open=\"off\"]<\/p><p>Herzlichen Gl\u00fcckwunsch! Nat\u00fcrlich k\u00f6nnen Sie das. Unsere Schwangerschaftsmassage wurde speziell f\u00fcr werdende M\u00fctter konzipiert. Sie k\u00f6nnen auf unserer Spezialliege bequem bis in den 9ten Monat auf dem Bauch liegen. Bitte informieren Sie uns immer \u00fcber Ihre Schwangerschaft, damit wir dies bei der Buchung ber\u00fccksichtigen und unsere Therapeut*innen darauf hinweisen k\u00f6nnen.<\/p><p>[\/et_pb_accordion_item][et_pb_accordion_item title=\"Gibt es ein Mindestalter f\u00fcr die Behandlungen? \" open_toggle_background_color=\"#011B02\" closed_toggle_background_color=\"#011B02\" _builder_version=\"4.17.3\" _module_preset=\"default\" global_colors_info=\"{}\" open=\"off\"]<\/p><p>Nein, gerne massieren wir auch Kinder aller Altersgruppen. Bei unseren kleinsten G\u00e4sten empfehlen wir die Behandlung gemeinsam mit Mama oder Papa im selben Raum. Kinder unter 12 Jahren erhalten einen Rabatt von 10\u20ac pro Behandlung.<\/p><p>[\/et_pb_accordion_item][et_pb_accordion_item title=\"Wie kann ich einen Gutschein kaufen?\" open_toggle_background_color=\"#011B02\" closed_toggle_background_color=\"#011B02\" _builder_version=\"4.17.3\" _module_preset=\"default\" global_colors_info=\"{}\" open=\"off\"]<\/p><p>Daf\u00fcr gibt es mehrere M\u00f6glichkeiten:<\/p><ol><li>Sie k\u00f6nnen die gew\u00fcnschte Behandlung oder den Wertgutschein bei uns vor Ort w\u00e4hrend zu unseren \u00d6ffnungszeiten erwerben erhalten.<\/li><li>Sie bestellen einen Gutschein \u00fcber unsere Mailadresse office@shofah.at (oder rufen uns unter 01 317 65 64 an). In dringenden F\u00e4llen versenden wir den Gutschein sofort per Mail an Sie.<\/li><li>Sie bestellen den Gutschein in unserem Onlineshop unter www.shofah.at<\/li><\/ol><p>[\/et_pb_accordion_item][et_pb_accordion_item title=\"Welche Zahlungsm\u00f6glichkeiten bieten Sie an?\" open_toggle_background_color=\"#011B02\" closed_toggle_background_color=\"#011B02\" _builder_version=\"4.17.3\" _module_preset=\"default\" global_colors_info=\"{}\" open=\"off\"]<\/p><ol><li>Vor Ort im Shofah Spa akzeptieren wir sowohl Bargeld als auch alle g\u00e4ngigen EC- und Kreditkarten (au\u00dfer Diners Club).<\/li><li>Bei Bestellung von Gutscheinen \u00fcber office@shofah.at (oder telefonisch unter 01 61 65 595) erhalten Sie unsere Bankdaten und k\u00f6nnen den Betrag \u00fcberweisen (der Gutschein kann nach Zahlungseingang auf unserem Bankkonto eingel\u00f6st werden). 3. Bei Bestellung von Gutscheinen in unserem Onlineshop unter www.shofah.at k\u00f6nnen Sie per Sofort\u00fcberweisung, PayPal und mit jeder Kreditkarte bezahlen.<\/li><\/ol><p>[\/et_pb_accordion_item][et_pb_accordion_item title=\"Wie lange ist mein Gutschein g\u00fcltig?\" open_toggle_background_color=\"#011B02\" closed_toggle_background_color=\"#011B02\" _builder_version=\"4.17.3\" _module_preset=\"default\" global_colors_info=\"{}\" open=\"off\"]<\/p><p>Gutscheine, die gekauft wurden, sind laut einem Urteil des OGH 30 Jahre g\u00fcltig. Gewinngutscheine l\u00f6sen Sie bitte innerhalb der am Gutschein stehenden Zeitspanne ein.<\/p><p>[\/et_pb_accordion_item][et_pb_accordion_item title=\"Kann ich meiner Therapeutin oder meinem Therapeuten auch bei Kartenzahlung Trinkgeld zukommen lassen? \" open_toggle_background_color=\"#011B02\" closed_toggle_background_color=\"#011B02\" _builder_version=\"4.17.3\" _module_preset=\"default\" global_colors_info=\"{}\" open=\"off\"]<\/p><p>Ja, das k\u00f6nnen Sie. Teilen Sie uns einfach den gew\u00fcnschten Trinkgeldbetrag bei Bezahlung Ihrer Massage mit. Sie erhalten diesen Betrag dann von uns in bar und k\u00f6nnen das Trinkgeld Ihrer Therapeutin oder Ihrem Therapeuten entweder pers\u00f6nlich geben oder diesen in der jeweiligen Trinkgeldbox deponieren.<\/p><p>[\/et_pb_accordion_item][\/et_pb_accordion][\/et_pb_column][et_pb_column type=\"2_5\" _builder_version=\"4.16\" _module_preset=\"default\" global_colors_info=\"{}\"][\/et_pb_column][\/et_pb_row][\/et_pb_section]<\/p>","_et_gb_content_width":"","pgc_sgb_lightbox_settings":"","footnotes":""},"class_list":["post-4776","page","type-page","status-publish","hentry"],"_links":{"self":[{"href":"https:\/\/shofah.at\/en\/wp-json\/wp\/v2\/pages\/4776","targetHints":{"allow":["GET"]}}],"collection":[{"href":"https:\/\/shofah.at\/en\/wp-json\/wp\/v2\/pages"}],"about":[{"href":"https:\/\/shofah.at\/en\/wp-json\/wp\/v2\/types\/page"}],"author":[{"embeddable":true,"href":"https:\/\/shofah.at\/en\/wp-json\/wp\/v2\/users\/5"}],"replies":[{"embeddable":true,"href":"https:\/\/shofah.at\/en\/wp-json\/wp\/v2\/comments?post=4776"}],"version-history":[{"count":3,"href":"https:\/\/shofah.at\/en\/wp-json\/wp\/v2\/pages\/4776\/revisions"}],"predecessor-version":[{"id":8297,"href":"https:\/\/shofah.at\/en\/wp-json\/wp\/v2\/pages\/4776\/revisions\/8297"}],"wp:attachment":[{"href":"https:\/\/shofah.at\/en\/wp-json\/wp\/v2\/media?parent=4776"}],"curies":[{"name":"wp","href":"https:\/\/api.w.org\/{rel}","templated":true}]}}